{"id":7,"date":"2019-08-03T16:27:43","date_gmt":"2019-08-03T14:27:43","guid":{"rendered":"http:\/\/localhost:8888\/wordpress\/?page_id=7"},"modified":"2020-03-02T15:05:13","modified_gmt":"2020-03-02T14:05:13","slug":"portrait","status":"publish","type":"page","link":"http:\/\/www.monsieurnuage.info\/annefrance\/portrait\/","title":{"rendered":"Portrait"},"content":{"rendered":"\n<blockquote class=\"wp-block-quote is-layout-flow wp-block-quote-is-layout-flow\"><p>Portrait<\/p><\/blockquote>\n\n\n\n<div class=\"wp-block-columns has-2-columns is-layout-flex wp-container-core-columns-is-layout-9d6595d7 wp-block-columns-is-layout-flex\">\n<div class=\"wp-block-column is-layout-flow wp-block-column-is-layout-flow\">\n<div class=\"wp-block-image\"><figure class=\"aligncenter\"><img loading=\"lazy\" decoding=\"async\" width=\"331\" height=\"500\" src=\"http:\/\/localhost:8888\/wordpress\/wp-content\/uploads\/2019\/08\/portrait-anneF.jpg\" alt=\"\" class=\"wp-image-24\" srcset=\"http:\/\/www.monsieurnuage.info\/annefrance\/wp-content\/uploads\/2019\/08\/portrait-anneF.jpg 331w, http:\/\/www.monsieurnuage.info\/annefrance\/wp-content\/uploads\/2019\/08\/portrait-anneF-199x300.jpg 199w\" sizes=\"auto, (max-width: 331px) 100vw, 331px\" \/><\/figure><\/div>\n<\/div>\n\n\n\n<div class=\"wp-block-column is-layout-flow wp-block-column-is-layout-flow\">\n<p class=\"has-medium-font-size\">Autour d\u2019Anne France, s\u2019enroulent dans un mouvement a\u00e9rien, des pens\u00e9es, des voyages autour du monde, des rencontres, or, pour cr\u00e9er, Anne France fait le vide.<\/p>\n\n\n\n<p>Le vide pour se retrouver ici dans cet atelier aux murs \u00e9pais, dont la pierre retient le souffle des vies qui ont marqu\u00e9 la sienne. Quand le vide se remplit de trop d\u2019air, elle ouvre portes et fen\u00eatres, et son regard se pose sur un jardin fleuri. Le jardin nourrit des connaissances de son art.<\/p>\n\n\n\n<p>Dans le jardin qu\u2019Anne France entretient avec amour, des nu\u00e9es d\u2019oiseaux, et d\u2019enfants lui parlent, rompent le silence\u2026 Elle a aussi besoin de ce bruit, comme elle a besoin de creuser la terre pour donner vie aux plantes, aux herbes, aux fleurs, \u00e0 la terre, aux pierres.<\/p>\n\n\n\n<p>Mais, Anne France contemple\u2026 et s\u2019enferme dans son atelier avec ce tr\u00e9sor naturel qu\u2019elle fa\u00e7onne int\u00e9rieurement dans le silence. Seule une musique d\u2019op\u00e9ra peut combler le vide, et comme un voile de soie, venir se poser \u00e0 fleur de peau, et remplir ses mains d\u2019un air vivifiant qui la compose.<\/p>\n<\/div>\n<\/div>\n\n\n\n<p>Dans un coin de l\u2019atelier, Nun un chat noir, sa mascotte. Le f\u00e9lin scrute le moindre de ses mouvements. Il a le privil\u00e8ge de d\u00e9couvrir Anne France dans son int\u00e9grit\u00e9 cr\u00e9atrice. Devant lui, la fragilit\u00e9 de l\u2019existence devient force. L\u2019artiste d\u00e9pose son v\u00eatement social, les artifices d\u2019une soci\u00e9t\u00e9 de consommation, pour rena\u00eetre dans la nudit\u00e9 de l\u2019\u0153uvre.<\/p>\n\n\n\n<p>Anne France se penche et sourit \u00e0 ce vide qui dans un mouvement int\u00e9rieur\/ext\u00e9rieur fait bouger son corps. Anne France danse autour de la terre qu\u2019elle sculpte. Le marteau, \u00e0 petits coups r\u00e9p\u00e9t\u00e9s, r\u00e9sonne dans l\u2019atelier. Anne France cr\u00e9\u00e9e de tout son corps, de toute son \u00e2me.\u00a0<\/p>\n\n\n\n<p>De la peinture \u00e0 la sculpture, Anne France chemin faisant, nous invite \u00e0 p\u00e9n\u00e9trer son \u0153uvre\u2026 Une \u0153uvre universelle, o\u00f9 chacun retrouve un peu de soi\u2026 Anne France donne \u00e0 voir, \u00e0 toucher. L\u2019aveugle voit les sculptures par l\u2019invitation g\u00e9n\u00e9reuse au toucher\u2026 Le voyant peut fermer les yeux, pour mieux voir\u2026 sentir\u2026 Ici, la lumi\u00e8re est int\u00e9rieure. Tout est tactile, subtil. Le mental fait place aux sens. La volupt\u00e9 y est pr\u00e9sente, \u00e9vanescente.&nbsp;<\/p>\n\n\n\n<p>Anne France a su transmettre les sentiments qui l\u2019habitent, scander le vide et le plein, par le silence, par une travers\u00e9e du temps de l\u2019int\u00e9rieur \u00e0 l\u2019ext\u00e9rieur, par une multitude de sensations, d\u2019inspiration, de respiration, au mouvement al\u00e9atoire des choses de la vie, le corporel prend diff\u00e9rentes formes, se mat\u00e9rialise sous ses doigts sculpteur d\u2019argile.<\/p>\n\n\n\n<p>Anne France nous donne \u00e0 voir une sculpture a\u00e9rienne, silhouette \u00e9pur\u00e9e en \u00e9quilibre sur un fil rouge, au c\u0153ur symbole du lac d\u2019amour, o\u00f9 pour finir plonge notre regard avide de communiquer.&nbsp;<\/p>\n\n\n\n<p>Le sens de la vie revient en surface dans l\u2019\u0153uf tenu par l\u2019androgyne. Figure humaine. Sculpture fine, un don de soi\u2026 L\u2019\u00e9motion qu\u2019elle suscite est une repr\u00e9sentation qui, \u00e0 l\u2019int\u00e9rieur de l\u2019\u00eatre, symbolise la rencontre. Anne France fait na\u00eetre en chacun de nous, une nouvelle cr\u00e9ation.<\/p>\n\n\n\n<p>Si nous pouvons recevoir ce don, nous devenons, \u00e0 notre tour, cr\u00e9ateur, sculpteur d\u2019une vie, le temps d\u2019un regard, d\u2019un souffle\u2026<\/p>\n\n\n\n<p>Le secret cr\u00e9atif d\u2019Anne France semble un myst\u00e8re vivant, pas une m\u00e9canique du vide. La pl\u00e9nitude du vide pourrait passer pour un paradoxe, or, Anne France sculpte, entre ciel et terre, son vide et sa pl\u00e9nitude. Le rien devient tout. Et, chacun est invit\u00e9 \u00e0 faire sien, le monde pr\u00e9sent en chacune de ses \u0153uvres.&nbsp;<\/p>\n\n\n\n<p style=\"text-align:right\">Claudine Manteau<\/p>\n","protected":false},"excerpt":{"rendered":"<p>Portrait Autour d\u2019Anne France, s\u2019enroulent dans un mouvement a\u00e9rien, des pens\u00e9es, des voyages autour du monde, des rencontres, or, pour cr\u00e9er, Anne France fait le vide. Le vide pour se&#8230;<\/p>\n","protected":false},"author":1,"featured_media":0,"parent":0,"menu_order":0,"comment_status":"closed","ping_status":"closed","template":"","meta":{"__cvm_playback_settings":[],"__cvm_video_id":"","footnotes":""},"class_list":["post-7","page","type-page","status-publish"],"_links":{"self":[{"href":"http:\/\/www.monsieurnuage.info\/annefrance\/wp-json\/wp\/v2\/pages\/7","targetHints":{"allow":["GET"]}}],"collection":[{"href":"http:\/\/www.monsieurnuage.info\/annefrance\/wp-json\/wp\/v2\/pages"}],"about":[{"href":"http:\/\/www.monsieurnuage.info\/annefrance\/wp-json\/wp\/v2\/types\/page"}],"author":[{"embeddable":true,"href":"http:\/\/www.monsieurnuage.info\/annefrance\/wp-json\/wp\/v2\/users\/1"}],"replies":[{"embeddable":true,"href":"http:\/\/www.monsieurnuage.info\/annefrance\/wp-json\/wp\/v2\/comments?post=7"}],"version-history":[{"count":7,"href":"http:\/\/www.monsieurnuage.info\/annefrance\/wp-json\/wp\/v2\/pages\/7\/revisions"}],"predecessor-version":[{"id":30,"href":"http:\/\/www.monsieurnuage.info\/annefrance\/wp-json\/wp\/v2\/pages\/7\/revisions\/30"}],"wp:attachment":[{"href":"http:\/\/www.monsieurnuage.info\/annefrance\/wp-json\/wp\/v2\/media?parent=7"}],"curies":[{"name":"wp","href":"https:\/\/api.w.org\/{rel}","templated":true}]}}